{"id":959,"date":"2026-01-07T10:06:08","date_gmt":"2026-01-07T10:06:08","guid":{"rendered":"https:\/\/themulberry.de\/?page_id=959"},"modified":"2026-01-22T17:30:25","modified_gmt":"2026-01-22T17:30:25","slug":"olivenoel","status":"publish","type":"page","link":"https:\/\/themulberry.de\/en\/olivenoel\/","title":{"rendered":"Olive oil"},"content":{"rendered":"<div data-elementor-type=\"wp-page\" data-elementor-id=\"959\" class=\"elementor elementor-959\" data-elementor-post-type=\"page\">\n\t\t\t\t<div class=\"elementor-element elementor-element-04b79f2 e-con-full e-flex e-con e-parent\" data-id=\"04b79f2\" data-element_type=\"container\" data-e-type=\"container\" data-settings=\"{&quot;background_background&quot;:&quot;classic&quot;}\">\n\t\t\t\t<div class=\"elementor-element elementor-element-e3acc59 elementor-widget elementor-widget-heading\" data-id=\"e3acc59\" data-element_type=\"widget\" data-e-type=\"widget\" data-widget_type=\"heading.default\">\n\t\t\t\t\t<h1 class=\"elementor-heading-title elementor-size-default\">The green gold \n<br \/>of the Mani <\/h1>\t\t\t\t<\/div>\n\t\t\t\t<\/div>\n\t\t<div class=\"elementor-element elementor-element-2036df7 e-flex e-con-boxed e-con e-parent\" data-id=\"2036df7\" data-element_type=\"container\" data-e-type=\"container\">\n\t\t\t\t\t<div class=\"e-con-inner\">\n\t\t\t\t<div class=\"elementor-element elementor-element-7e8ca87 elementor-widget elementor-widget-text-editor\" data-id=\"7e8ca87\" data-element_type=\"widget\" data-e-type=\"widget\" data-widget_type=\"text-editor.default\">\n\t\t\t\t\t\t\t\t\t<h3><em>The Mulberry<\/em> is surrounded by 180 olive trees. Koroneiki olives, typical of the Peloponnese, grow on the silvery-green trees. They are expertly and lovingly tended by Mani Hospitality throughout the year. Every year in November, the olives are harvested by hand to be processed locally and in the traditional way. <em>The Mulberry <\/em>Organic Olive Oil.<\/h3>\t\t\t\t\t\t\t\t<\/div>\n\t\t\t\t\t<\/div>\n\t\t\t\t<\/div>\n\t\t<div class=\"elementor-element elementor-element-ba7db22 e-flex e-con-boxed e-con e-parent\" data-id=\"ba7db22\" data-element_type=\"container\" data-e-type=\"container\">\n\t\t\t\t\t<div class=\"e-con-inner\">\n\t\t\t\t<div class=\"elementor-element elementor-element-82abe89 elementor-widget-divider--view-line elementor-widget elementor-widget-divider\" data-id=\"82abe89\" data-element_type=\"widget\" data-e-type=\"widget\" data-widget_type=\"divider.default\">\n\t\t\t\t\t\t\t<div class=\"elementor-divider\">\n\t\t\t<span class=\"elementor-divider-separator\">\n\t\t\t\t\t\t<\/span>\n\t\t<\/div>\n\t\t\t\t\t\t<\/div>\n\t\t\t\t\t<\/div>\n\t\t\t\t<\/div>\n\t\t<div class=\"elementor-element elementor-element-8f5fb58 e-flex e-con-boxed e-con e-parent\" data-id=\"8f5fb58\" data-element_type=\"container\" data-e-type=\"container\" data-settings=\"{&quot;background_background&quot;:&quot;classic&quot;}\">\n\t\t\t\t\t<div class=\"e-con-inner\">\n\t\t\t\t<div class=\"elementor-element elementor-element-77f3e00 elementor-widget__width-initial elementor-widget elementor-widget-text-editor\" data-id=\"77f3e00\" data-element_type=\"widget\" data-e-type=\"widget\" data-widget_type=\"text-editor.default\">\n\t\t\t\t\t\t\t\t\t<p>The olive tree is a symbol of Greece and part of the Greek identity. Since ancient times, it has been considered a sacred gift from the goddess Athena and symbolises peace, wisdom and constancy. Economically, the olive tree is vital: Greece is one of the leading exporters of high-quality olive oil. The Koroneiki olive is considered the \u201equeen of oil olives\u201c. It is famous for its polyphenol-rich olive oil and intense flavour.<\/p>\t\t\t\t\t\t\t\t<\/div>\n\t\t\t\t\t<\/div>\n\t\t\t\t<\/div>\n\t\t<div class=\"elementor-element elementor-element-8079e9a e-con-full e-flex e-con e-parent\" data-id=\"8079e9a\" data-element_type=\"container\" data-e-type=\"container\">\n\t\t\t\t<div class=\"elementor-element elementor-element-6af9a78 elementor-widget__width-inherit elementor-widget elementor-widget-gallery\" data-id=\"6af9a78\" data-element_type=\"widget\" data-e-type=\"widget\" data-settings=\"{&quot;overlay_description&quot;:&quot;description&quot;,&quot;lazyload&quot;:&quot;yes&quot;,&quot;gallery_layout&quot;:&quot;grid&quot;,&quot;columns&quot;:4,&quot;columns_tablet&quot;:2,&quot;columns_mobile&quot;:1,&quot;gap&quot;:{&quot;unit&quot;:&quot;px&quot;,&quot;size&quot;:10,&quot;sizes&quot;:[]},&quot;gap_tablet&quot;:{&quot;unit&quot;:&quot;px&quot;,&quot;size&quot;:10,&quot;sizes&quot;:[]},&quot;gap_mobile&quot;:{&quot;unit&quot;:&quot;px&quot;,&quot;size&quot;:10,&quot;sizes&quot;:[]},&quot;link_to&quot;:&quot;file&quot;,&quot;aspect_ratio&quot;:&quot;3:2&quot;,&quot;overlay_background&quot;:&quot;yes&quot;,&quot;content_hover_animation&quot;:&quot;fade-in&quot;}\" data-widget_type=\"gallery.default\">\n\t\t\t\t\t\t\t<div class=\"elementor-gallery__container\">\n\t\t\t\t\t\t\t<a class=\"e-gallery-item elementor-gallery-item elementor-animated-content\" href=\"https:\/\/themulberry.de\/wp-content\/uploads\/2026\/01\/891e4040-628e-4f88-bfad-9bde0e00d265.webp\" data-elementor-open-lightbox=\"yes\" data-elementor-lightbox-slideshow=\"6af9a78\" data-e-action-hash=\"#elementor-action%3Aaction%3Dlightbox%26settings%3DeyJpZCI6MTE2MywidXJsIjoiaHR0cHM6XC9cL3RoZW11bGJlcnJ5LmRlXC93cC1jb250ZW50XC91cGxvYWRzXC8yMDI2XC8wMVwvODkxZTQwNDAtNjI4ZS00Zjg4LWJmYWQtOWJkZTBlMDBkMjY1LndlYnAiLCJzbGlkZXNob3ciOiI2YWY5YTc4In0%3D\">\n\t\t\t\t\t<div class=\"e-gallery-image elementor-gallery-item__image\" data-thumbnail=\"https:\/\/themulberry.de\/wp-content\/uploads\/2026\/01\/891e4040-628e-4f88-bfad-9bde0e00d265-768x1075.jpg\" data-width=\"768\" data-height=\"1075\" aria-label=\"Woman harvesting olives in Greece, perfect for a holiday in a holiday home. Traditional agriculture and rural idyll in the Aegean.\" role=\"img\" ><\/div>\n\t\t\t\t\t\t\t\t\t\t\t<div class=\"elementor-gallery-item__overlay\"><\/div>\n\t\t\t\t\t\t\t\t\t\t\t\t\t\t\t<div class=\"elementor-gallery-item__content\">\n\t\t\t\t\t\t\t\t\t\t\t<\/div>\n\t\t\t\t\t\t\t\t\t<\/a>\n\t\t\t\t\t\t\t<a class=\"e-gallery-item elementor-gallery-item elementor-animated-content\" href=\"https:\/\/themulberry.de\/wp-content\/uploads\/2026\/01\/682cbea2-8452-49d5-b2a5-b644bf1f49f1.webp\" data-elementor-open-lightbox=\"yes\" data-elementor-lightbox-slideshow=\"6af9a78\" data-e-action-hash=\"#elementor-action%3Aaction%3Dlightbox%26settings%3DeyJpZCI6MTE3MiwidXJsIjoiaHR0cHM6XC9cL3RoZW11bGJlcnJ5LmRlXC93cC1jb250ZW50XC91cGxvYWRzXC8yMDI2XC8wMVwvNjgyY2JlYTItODQ1Mi00OWQ1LWIyYTUtYjY0NGJmMWY0OWYxLndlYnAiLCJzbGlkZXNob3ciOiI2YWY5YTc4In0%3D\">\n\t\t\t\t\t<div class=\"e-gallery-image elementor-gallery-item__image\" data-thumbnail=\"https:\/\/themulberry.de\/wp-content\/uploads\/2026\/01\/682cbea2-8452-49d5-b2a5-b644bf1f49f1-768x1075.webp\" data-width=\"768\" data-height=\"1075\" aria-label=\"Olive trees in Greece during the olive harvest. Ideal for holidays in a holiday home. People harvesting under a blue sky.\" role=\"img\" ><\/div>\n\t\t\t\t\t\t\t\t\t\t\t<div class=\"elementor-gallery-item__overlay\"><\/div>\n\t\t\t\t\t\t\t\t\t\t\t\t\t\t\t<div class=\"elementor-gallery-item__content\">\n\t\t\t\t\t\t\t\t\t\t\t<\/div>\n\t\t\t\t\t\t\t\t\t<\/a>\n\t\t\t\t\t\t\t<a class=\"e-gallery-item elementor-gallery-item elementor-animated-content\" href=\"https:\/\/themulberry.de\/wp-content\/uploads\/2026\/01\/IMG_1090.webp\" data-elementor-open-lightbox=\"yes\" data-elementor-lightbox-slideshow=\"6af9a78\" data-e-action-hash=\"#elementor-action%3Aaction%3Dlightbox%26settings%3DeyJpZCI6MTE2NSwidXJsIjoiaHR0cHM6XC9cL3RoZW11bGJlcnJ5LmRlXC93cC1jb250ZW50XC91cGxvYWRzXC8yMDI2XC8wMVwvSU1HXzEwOTAud2VicCIsInNsaWRlc2hvdyI6IjZhZjlhNzgifQ%3D%3D\">\n\t\t\t\t\t<div class=\"e-gallery-image elementor-gallery-item__image\" data-thumbnail=\"https:\/\/themulberry.de\/wp-content\/uploads\/2026\/01\/IMG_1090-768x549.webp\" data-width=\"768\" data-height=\"549\" aria-label=\"Landscape with olive trees and sea views in Greece. Ideal for a relaxing holiday in a holiday home. Find your perfect holiday home in Greece.\" role=\"img\" ><\/div>\n\t\t\t\t\t\t\t\t\t\t\t<div class=\"elementor-gallery-item__overlay\"><\/div>\n\t\t\t\t\t\t\t\t\t\t\t\t\t\t\t<div class=\"elementor-gallery-item__content\">\n\t\t\t\t\t\t\t\t\t\t\t<\/div>\n\t\t\t\t\t\t\t\t\t<\/a>\n\t\t\t\t\t\t\t<a class=\"e-gallery-item elementor-gallery-item elementor-animated-content\" href=\"https:\/\/themulberry.de\/wp-content\/uploads\/2026\/01\/IMG_0919.webp\" data-elementor-open-lightbox=\"yes\" data-elementor-lightbox-slideshow=\"6af9a78\" data-e-action-hash=\"#elementor-action%3Aaction%3Dlightbox%26settings%3DeyJpZCI6MTE2OCwidXJsIjoiaHR0cHM6XC9cL3RoZW11bGJlcnJ5LmRlXC93cC1jb250ZW50XC91cGxvYWRzXC8yMDI2XC8wMVwvSU1HXzA5MTkud2VicCIsInNsaWRlc2hvdyI6IjZhZjlhNzgifQ%3D%3D\">\n\t\t\t\t\t<div class=\"e-gallery-image elementor-gallery-item__image\" data-thumbnail=\"https:\/\/themulberry.de\/wp-content\/uploads\/2026\/01\/IMG_0919-768x549.webp\" data-width=\"768\" data-height=\"549\" aria-label=\"Olive grove in Greece with olive harvesting nets. Ideal for a holiday home holiday with nature experiences in Greece.\" role=\"img\" ><\/div>\n\t\t\t\t\t\t\t\t\t\t\t<div class=\"elementor-gallery-item__overlay\"><\/div>\n\t\t\t\t\t\t\t\t\t\t\t\t\t\t\t<div class=\"elementor-gallery-item__content\">\n\t\t\t\t\t\t\t\t\t\t\t<\/div>\n\t\t\t\t\t\t\t\t\t<\/a>\n\t\t\t\t\t\t\t<a class=\"e-gallery-item elementor-gallery-item elementor-animated-content\" href=\"https:\/\/themulberry.de\/wp-content\/uploads\/2026\/01\/IMG_0917.webp\" data-elementor-open-lightbox=\"yes\" data-elementor-lightbox-slideshow=\"6af9a78\" data-e-action-hash=\"#elementor-action%3Aaction%3Dlightbox%26settings%3DeyJpZCI6MTE2NiwidXJsIjoiaHR0cHM6XC9cL3RoZW11bGJlcnJ5LmRlXC93cC1jb250ZW50XC91cGxvYWRzXC8yMDI2XC8wMVwvSU1HXzA5MTcud2VicCIsInNsaWRlc2hvdyI6IjZhZjlhNzgifQ%3D%3D\">\n\t\t\t\t\t<div class=\"e-gallery-image elementor-gallery-item__image\" data-thumbnail=\"https:\/\/themulberry.de\/wp-content\/uploads\/2026\/01\/IMG_0917-768x1075.webp\" data-width=\"768\" data-height=\"1075\" aria-label=\"Olive harvest in Greece near a holiday home. Sacks of olives under olive trees on a green meadow. Outdoor agricultural scene.\" role=\"img\" ><\/div>\n\t\t\t\t\t\t\t\t\t\t\t<div class=\"elementor-gallery-item__overlay\"><\/div>\n\t\t\t\t\t\t\t\t\t\t\t\t\t\t\t<div class=\"elementor-gallery-item__content\">\n\t\t\t\t\t\t\t\t\t\t\t<\/div>\n\t\t\t\t\t\t\t\t\t<\/a>\n\t\t\t\t\t\t\t<a class=\"e-gallery-item elementor-gallery-item elementor-animated-content\" href=\"https:\/\/themulberry.de\/wp-content\/uploads\/2026\/01\/IMG_5567.webp\" data-elementor-open-lightbox=\"yes\" data-elementor-lightbox-slideshow=\"6af9a78\" data-e-action-hash=\"#elementor-action%3Aaction%3Dlightbox%26settings%3DeyJpZCI6MTE2NywidXJsIjoiaHR0cHM6XC9cL3RoZW11bGJlcnJ5LmRlXC93cC1jb250ZW50XC91cGxvYWRzXC8yMDI2XC8wMVwvSU1HXzU1Njcud2VicCIsInNsaWRlc2hvdyI6IjZhZjlhNzgifQ%3D%3D\">\n\t\t\t\t\t<div class=\"e-gallery-image elementor-gallery-item__image\" data-thumbnail=\"https:\/\/themulberry.de\/wp-content\/uploads\/2026\/01\/IMG_5567-768x1075.webp\" data-width=\"768\" data-height=\"1075\" aria-label=\"Fresh olives with leaves for oil production in Greece, perfect for holidays in your holiday home, the abundant harvest shows the quality.\" role=\"img\" ><\/div>\n\t\t\t\t\t\t\t\t\t\t\t<div class=\"elementor-gallery-item__overlay\"><\/div>\n\t\t\t\t\t\t\t\t\t\t\t\t\t\t\t<div class=\"elementor-gallery-item__content\">\n\t\t\t\t\t\t\t\t\t\t\t<\/div>\n\t\t\t\t\t\t\t\t\t<\/a>\n\t\t\t\t\t\t\t<a class=\"e-gallery-item elementor-gallery-item elementor-animated-content\" href=\"https:\/\/themulberry.de\/wp-content\/uploads\/2026\/01\/5a542778-43b9-4d72-bbab-480337eb5e5d.webp\" data-elementor-open-lightbox=\"yes\" data-elementor-lightbox-slideshow=\"6af9a78\" data-e-action-hash=\"#elementor-action%3Aaction%3Dlightbox%26settings%3DeyJpZCI6MTE3MCwidXJsIjoiaHR0cHM6XC9cL3RoZW11bGJlcnJ5LmRlXC93cC1jb250ZW50XC91cGxvYWRzXC8yMDI2XC8wMVwvNWE1NDI3NzgtNDNiOS00ZDcyLWJiYWItNDgwMzM3ZWI1ZTVkLndlYnAiLCJzbGlkZXNob3ciOiI2YWY5YTc4In0%3D\">\n\t\t\t\t\t<div class=\"e-gallery-image elementor-gallery-item__image\" data-thumbnail=\"https:\/\/themulberry.de\/wp-content\/uploads\/2026\/01\/5a542778-43b9-4d72-bbab-480337eb5e5d-768x1076.webp\" data-width=\"768\" data-height=\"1076\" aria-label=\"A man empties a bag of olives into an olive oil production machine in Greece. Ideal for holiday home websites.\" role=\"img\" ><\/div>\n\t\t\t\t\t\t\t\t\t\t\t<div class=\"elementor-gallery-item__overlay\"><\/div>\n\t\t\t\t\t\t\t\t\t\t\t\t\t\t\t<div class=\"elementor-gallery-item__content\">\n\t\t\t\t\t\t\t\t\t\t\t<\/div>\n\t\t\t\t\t\t\t\t\t<\/a>\n\t\t\t\t\t\t\t<a class=\"e-gallery-item elementor-gallery-item elementor-animated-content\" href=\"https:\/\/themulberry.de\/wp-content\/uploads\/2026\/01\/a9ab0879-ae9a-4322-84db-c273a94c6cf6.webp\" data-elementor-open-lightbox=\"yes\" data-elementor-lightbox-slideshow=\"6af9a78\" data-e-action-hash=\"#elementor-action%3Aaction%3Dlightbox%26settings%3DeyJpZCI6MTE3MSwidXJsIjoiaHR0cHM6XC9cL3RoZW11bGJlcnJ5LmRlXC93cC1jb250ZW50XC91cGxvYWRzXC8yMDI2XC8wMVwvYTlhYjA4NzktYWU5YS00MzIyLTg0ZGItYzI3M2E5NGM2Y2Y2LndlYnAiLCJzbGlkZXNob3ciOiI2YWY5YTc4In0%3D\">\n\t\t\t\t\t<div class=\"e-gallery-image elementor-gallery-item__image\" data-thumbnail=\"https:\/\/themulberry.de\/wp-content\/uploads\/2026\/01\/a9ab0879-ae9a-4322-84db-c273a94c6cf6-768x549.webp\" data-width=\"768\" data-height=\"549\" aria-label=\"Harvest time in Greece: A pick-up truck is loaded with sacks full of crops. Ideal for a relaxing holiday in a holiday home.\" role=\"img\" ><\/div>\n\t\t\t\t\t\t\t\t\t\t\t<div class=\"elementor-gallery-item__overlay\"><\/div>\n\t\t\t\t\t\t\t\t\t\t\t\t\t\t\t<div class=\"elementor-gallery-item__content\">\n\t\t\t\t\t\t\t\t\t\t\t<\/div>\n\t\t\t\t\t\t\t\t\t<\/a>\n\t\t\t\t\t<\/div>\n\t\t\t\t\t<\/div>\n\t\t\t\t<\/div>\n\t\t<div class=\"elementor-element elementor-element-a6790f2 e-flex e-con-boxed e-con e-parent\" data-id=\"a6790f2\" data-element_type=\"container\" data-e-type=\"container\">\n\t\t\t\t\t<div class=\"e-con-inner\">\n\t\t\t\t<div class=\"elementor-element elementor-element-c4f53d6 elementor-widget elementor-widget-heading\" data-id=\"c4f53d6\" data-element_type=\"widget\" data-e-type=\"widget\" data-widget_type=\"heading.default\">\n\t\t\t\t\t<h2 class=\"elementor-heading-title elementor-size-default\">Olive harvesting is manual labour<\/h2>\t\t\t\t<\/div>\n\t\t\t\t<div class=\"elementor-element elementor-element-2e5eaa3 elementor-widget__width-initial elementor-widget-tablet__width-inherit elementor-widget elementor-widget-text-editor\" data-id=\"2e5eaa3\" data-element_type=\"widget\" data-e-type=\"widget\" data-widget_type=\"text-editor.default\">\n\t\t\t\t\t\t\t\t\t<p>To harvest the olives, the olive trees are first shaken vigorously with olive shakers. The falling olives are collected in large nets and packed in sacks. Every evening they are taken directly to the nearby mill, where after an hour the olive oil comes out of the press, light green and freshly scented. In the mountain village of Stravropigio, the oil is filtered in a state-of-the-art bottling plant and filled into bottles and canisters. The harvest arrives in Germany two weeks later.<\/p>\t\t\t\t\t\t\t\t<\/div>\n\t\t\t\t\t<\/div>\n\t\t\t\t<\/div>\n\t\t<div class=\"elementor-element elementor-element-1d51ac1 e-con-full e-flex e-con e-parent\" data-id=\"1d51ac1\" data-element_type=\"container\" data-e-type=\"container\">\n\t\t\t\t<div class=\"elementor-element elementor-element-9081249 elementor-widget__width-inherit elementor-widget elementor-widget-image\" data-id=\"9081249\" data-element_type=\"widget\" data-e-type=\"widget\" data-widget_type=\"image.default\">\n\t\t\t\t\t\t\t\t\t\t\t\t\t\t\t<img fetchpriority=\"high\" decoding=\"async\" width=\"1920\" height=\"1372\" src=\"https:\/\/themulberry.de\/wp-content\/uploads\/2026\/01\/IMG_5531.webp\" class=\"attachment-full size-full wp-image-1169\" alt=\"Oliven Ernte in Griechenland: Arbeiter bei der Olivenernte nahe eines Ferienhaus. Gr\u00fcne Netze unter Olivenb\u00e4umen fangen die Fr\u00fcchte auf.\" srcset=\"https:\/\/themulberry.de\/wp-content\/uploads\/2026\/01\/IMG_5531.webp 1920w, https:\/\/themulberry.de\/wp-content\/uploads\/2026\/01\/IMG_5531-300x214.webp 300w, https:\/\/themulberry.de\/wp-content\/uploads\/2026\/01\/IMG_5531-1024x732.webp 1024w, https:\/\/themulberry.de\/wp-content\/uploads\/2026\/01\/IMG_5531-768x549.webp 768w, https:\/\/themulberry.de\/wp-content\/uploads\/2026\/01\/IMG_5531-1536x1097.webp 1536w, https:\/\/themulberry.de\/wp-content\/uploads\/2026\/01\/IMG_5531-18x12.webp 18w\" sizes=\"(max-width: 1920px) 100vw, 1920px\" \/>\t\t\t\t\t\t\t\t\t\t\t\t\t\t\t<\/div>\n\t\t\t\t<\/div>\n\t\t<div class=\"elementor-element elementor-element-d3a390a e-flex e-con-boxed e-con e-parent\" data-id=\"d3a390a\" data-element_type=\"container\" data-e-type=\"container\">\n\t\t\t\t\t<div class=\"e-con-inner\">\n\t\t\t\t<div class=\"elementor-element elementor-element-bfd00c3 elementor-widget-divider--view-line elementor-widget elementor-widget-divider\" data-id=\"bfd00c3\" data-element_type=\"widget\" data-e-type=\"widget\" data-widget_type=\"divider.default\">\n\t\t\t\t\t\t\t<div class=\"elementor-divider\">\n\t\t\t<span class=\"elementor-divider-separator\">\n\t\t\t\t\t\t<\/span>\n\t\t<\/div>\n\t\t\t\t\t\t<\/div>\n\t\t\t\t\t<\/div>\n\t\t\t\t<\/div>\n\t\t<div class=\"elementor-element elementor-element-0e32f06 e-con-full e-flex e-con e-child\" data-id=\"0e32f06\" data-element_type=\"container\" data-e-type=\"container\">\n\t\t\t\t<div class=\"elementor-element elementor-element-35f2559 elementor-widget__width-initial elementor-widget elementor-widget-text-editor\" data-id=\"35f2559\" data-element_type=\"widget\" data-e-type=\"widget\" data-widget_type=\"text-editor.default\">\n\t\t\t\t\t\t\t\t\t<h3>Would you like to find out more about our olive oil or try it?<br \/>Then write to us.<\/h3>\t\t\t\t\t\t\t\t<\/div>\n\t\t\t\t<div class=\"elementor-element elementor-element-b192bb1 elementor-align-center elementor-widget__width-inherit elementor-widget elementor-widget-button\" data-id=\"b192bb1\" data-element_type=\"widget\" data-e-type=\"widget\" data-widget_type=\"button.default\">\n\t\t\t\t\t\t\t\t\t\t<a class=\"elementor-button elementor-button-link elementor-size-sm\" href=\"\/en\/kontakt\/\">\n\t\t\t\t\t\t<span class=\"elementor-button-content-wrapper\">\n\t\t\t\t\t\t\t\t\t<span class=\"elementor-button-text\">Contact form<\/span>\n\t\t\t\t\t<\/span>\n\t\t\t\t\t<\/a>\n\t\t\t\t\t\t\t\t<\/div>\n\t\t\t\t<\/div>\n\t\t\t\t<\/div>","protected":false},"excerpt":{"rendered":"<p>Das gr\u00fcne Gold der Mani The Mulberry ist umgeben von 180 Olivenb\u00e4umen. An den silbrig-gr\u00fcnen B\u00e4umen wachsen die f\u00fcr den Peloponnes typischen Koroneiki-Oliven. Sie werden \u00fcber das Jahr hinweg fachkundig und mit Liebe von Mani Hospitality gepflegt. Jedes Jahr im November werden die Oliven in Handarbeit geerntet, um daraus vor Ort und nach traditioneller Art &#8230; <a title=\"Olive oil\" class=\"read-more\" href=\"https:\/\/themulberry.de\/en\/olivenoel\/\" aria-label=\"Read more about Oliven\u00f6l\">Read more<\/a><\/p>","protected":false},"author":1,"featured_media":0,"parent":0,"menu_order":0,"comment_status":"closed","ping_status":"closed","template":"","meta":{"footnotes":""},"class_list":["post-959","page","type-page","status-publish"],"_links":{"self":[{"href":"https:\/\/themulberry.de\/en\/wp-json\/wp\/v2\/pages\/959","targetHints":{"allow":["GET"]}}],"collection":[{"href":"https:\/\/themulberry.de\/en\/wp-json\/wp\/v2\/pages"}],"about":[{"href":"https:\/\/themulberry.de\/en\/wp-json\/wp\/v2\/types\/page"}],"author":[{"embeddable":true,"href":"https:\/\/themulberry.de\/en\/wp-json\/wp\/v2\/users\/1"}],"replies":[{"embeddable":true,"href":"https:\/\/themulberry.de\/en\/wp-json\/wp\/v2\/comments?post=959"}],"version-history":[{"count":83,"href":"https:\/\/themulberry.de\/en\/wp-json\/wp\/v2\/pages\/959\/revisions"}],"predecessor-version":[{"id":1603,"href":"https:\/\/themulberry.de\/en\/wp-json\/wp\/v2\/pages\/959\/revisions\/1603"}],"wp:attachment":[{"href":"https:\/\/themulberry.de\/en\/wp-json\/wp\/v2\/media?parent=959"}],"curies":[{"name":"wp","href":"https:\/\/api.w.org\/{rel}","templated":true}]}}