{"id":45,"date":"2025-11-14T13:03:02","date_gmt":"2025-11-14T13:03:02","guid":{"rendered":"https:\/\/themulberry.de\/?page_id=45"},"modified":"2026-01-22T17:37:42","modified_gmt":"2026-01-22T17:37:42","slug":"anreise","status":"publish","type":"page","link":"https:\/\/themulberry.de\/en\/anreise\/","title":{"rendered":"Journey"},"content":{"rendered":"<div data-elementor-type=\"wp-page\" data-elementor-id=\"45\" class=\"elementor elementor-45\" data-elementor-post-type=\"page\">\n\t\t\t\t<div class=\"elementor-element elementor-element-13d2b39 e-con-full e-flex e-con e-parent\" data-id=\"13d2b39\" data-element_type=\"container\" data-e-type=\"container\" data-settings=\"{&quot;background_background&quot;:&quot;classic&quot;}\">\n\t\t\t\t<div class=\"elementor-element elementor-element-22d19a1 elementor-widget elementor-widget-heading\" data-id=\"22d19a1\" data-element_type=\"widget\" data-e-type=\"widget\" data-widget_type=\"heading.default\">\n\t\t\t\t\t<h1 class=\"elementor-heading-title elementor-size-default\">Your journey <\/h1>\t\t\t\t<\/div>\n\t\t\t\t<\/div>\n\t\t<div class=\"elementor-element elementor-element-7d4b532 e-flex e-con-boxed e-con e-parent\" data-id=\"7d4b532\" data-element_type=\"container\" data-e-type=\"container\">\n\t\t\t\t\t<div class=\"e-con-inner\">\n\t\t\t\t<div class=\"elementor-element elementor-element-46cb4a8 elementor-widget elementor-widget-text-editor\" data-id=\"46cb4a8\" data-element_type=\"widget\" data-e-type=\"widget\" data-widget_type=\"text-editor.default\">\n\t\t\t\t\t\t\t\t\t<h3><em>The Mulberry<\/em> is easily accessible from both the Greek capital Athens and Kalamata Airport.<\/h3>\t\t\t\t\t\t\t\t<\/div>\n\t\t\t\t<div class=\"elementor-element elementor-element-a2095b3 elementor-widget-divider--view-line elementor-widget elementor-widget-divider\" data-id=\"a2095b3\" data-element_type=\"widget\" data-e-type=\"widget\" data-widget_type=\"divider.default\">\n\t\t\t\t\t\t\t<div class=\"elementor-divider\">\n\t\t\t<span class=\"elementor-divider-separator\">\n\t\t\t\t\t\t<\/span>\n\t\t<\/div>\n\t\t\t\t\t\t<\/div>\n\t\t<div class=\"elementor-element elementor-element-cd41bc4 e-con-full e-flex e-con e-child\" data-id=\"cd41bc4\" data-element_type=\"container\" data-e-type=\"container\">\n\t\t\t\t<div class=\"elementor-element elementor-element-19b5f98 elementor-widget elementor-widget-heading\" data-id=\"19b5f98\" data-element_type=\"widget\" data-e-type=\"widget\" data-widget_type=\"heading.default\">\n\t\t\t\t\t<h2 class=\"elementor-heading-title elementor-size-default\">Route from Kalamata<\/h2>\t\t\t\t<\/div>\n\t\t\t\t<div class=\"elementor-element elementor-element-541c550 elementor-widget__width-initial elementor-widget-tablet__width-inherit elementor-widget elementor-widget-text-editor\" data-id=\"541c550\" data-element_type=\"widget\" data-e-type=\"widget\" data-widget_type=\"text-editor.default\">\n\t\t\t\t\t\t\t\t\t<p>The journey to <em>The<\/em> <em>Mulberry<\/em> is easily accessible via Kalamata airport. It is served by flights from many European airports between May and October. International and local car hire companies offer hire cars at Kalamata airport. The journey to the house takes a good hour. The road leads past Kalamata and winds its way to Verga in the Taygethos Mountains. Shortly after Stavropigio, you reach the highest point - and are rewarded with a fantastic view of the plain and the Mediterranean Sea before descending the winding road back down to Kardamily. Be sure to stop for a first photo stop.<\/p>\t\t\t\t\t\t\t\t<\/div>\n\t\t\t\t<\/div>\n\t\t\t\t<div class=\"elementor-element elementor-element-a132ca4 elementor-widget elementor-widget-image\" data-id=\"a132ca4\" data-element_type=\"widget\" data-e-type=\"widget\" data-widget_type=\"image.default\">\n\t\t\t\t\t\t\t\t\t\t\t\t<figure class=\"wp-caption\">\n\t\t\t\t\t\t\t\t\t\t\t<a href=\"https:\/\/www.google.com\/maps\/dir\/Kalamata+Airport+(KLX),+Ethniki+Odos+82,+Kalamata,+Griechenland\/Stoupa,+Griechenland\/@36.9514764,21.9847214,11z\/data=!4m14!4m13!1m5!1m1!1s0x1361afefde4ab669:0x8ad5fe005915a16a!2m2!1d22.0345284!2d37.0549935!1m5!1m1!1s0x1361c01836d3e4f7:0xa00bd2f74c40e00!2m2!1d22.25976!2d36.844702!3e0?entry=ttu&#038;g_ep=EgoyMDI2MDExMS4wIKXMDSoASAFQAw%3D%3D\" target=\"_blank\" rel=\"nofollow\">\n\t\t\t\t\t\t\t<img decoding=\"async\" src=\"https:\/\/themulberry.de\/wp-content\/uploads\/2026\/01\/Route-von-Kalamata.png\" title=\"Route from Kalamata\" alt=\"Eine detaillierte Google Maps-Ansicht, die eine Route von Kalamata nach Agios Nikolaos in Griechenland zeigt. Die Karte zeigt Stra\u00dfen, Ortsnamen und geografische Merkmale.\" loading=\"lazy\" \/>\t\t\t\t\t\t\t\t<\/a>\n\t\t\t\t\t\t\t\t\t\t\t<figcaption class=\"widget-image-caption wp-caption-text\">Click on the map to access the Google Maps route calculation.<\/figcaption>\n\t\t\t\t\t\t\t\t\t\t<\/figure>\n\t\t\t\t\t\t\t\t\t<\/div>\n\t\t\t\t\t<\/div>\n\t\t\t\t<\/div>\n\t\t<div class=\"elementor-element elementor-element-f6adadc e-flex e-con-boxed e-con e-parent\" data-id=\"f6adadc\" data-element_type=\"container\" data-e-type=\"container\">\n\t\t\t\t\t<div class=\"e-con-inner\">\n\t\t\t\t\t<\/div>\n\t\t\t\t<\/div>\n\t\t<div class=\"elementor-element elementor-element-75121b3 e-flex e-con-boxed e-con e-child\" data-id=\"75121b3\" data-element_type=\"container\" data-e-type=\"container\">\n\t\t\t\t\t<div class=\"e-con-inner\">\n\t\t\t\t<div class=\"elementor-element elementor-element-1a08e11 elementor-widget elementor-widget-heading\" data-id=\"1a08e11\" data-element_type=\"widget\" data-e-type=\"widget\" data-widget_type=\"heading.default\">\n\t\t\t\t\t<h2 class=\"elementor-heading-title elementor-size-default\">Route from Athens<\/h2>\t\t\t\t<\/div>\n\t\t\t\t<div class=\"elementor-element elementor-element-d00e717 elementor-widget__width-initial elementor-widget-tablet__width-inherit elementor-widget elementor-widget-text-editor\" data-id=\"d00e717\" data-element_type=\"widget\" data-e-type=\"widget\" data-widget_type=\"text-editor.default\">\n\t\t\t\t\t\t\t\t\t<p>Athens is a good alternative for travelling to the city. Thanks to the newly extended motorway to Kalamata, the Greek capital and its airport are only 3.5 hours away from <em>The Mulberry.<\/em> During the journey, there are fantastic views of the coast and the green mountains of the Peloponnese.<\/p><p>Along the way, UNESCO World Heritage Sites and favourite places invite you to stop and explore the Peloponnese. A first Greek coffee at the entrance gate to the Corinth Canal. The world-famous Lion Gate of Mycenae. The Byzantine churches of the Crusaders of Mystra. The enchanting harbour town of Nafplio, where the Bavarian Prince Otto once came ashore as Otto I of Greece. The archaeological sites of Messene. You can immerse yourself in a very special holiday as soon as you arrive.<\/p>\t\t\t\t\t\t\t\t<\/div>\n\t\t\t\t\t<\/div>\n\t\t\t\t<\/div>\n\t\t<div class=\"elementor-element elementor-element-95ca0f7 e-flex e-con-boxed e-con e-parent\" data-id=\"95ca0f7\" data-element_type=\"container\" data-e-type=\"container\">\n\t\t\t\t\t<div class=\"e-con-inner\">\n\t\t\t\t<div class=\"elementor-element elementor-element-ed1db4b elementor-widget elementor-widget-image\" data-id=\"ed1db4b\" data-element_type=\"widget\" data-e-type=\"widget\" data-widget_type=\"image.default\">\n\t\t\t\t\t\t\t\t\t\t\t\t<figure class=\"wp-caption\">\n\t\t\t\t\t\t\t\t\t\t\t<a href=\"https:\/\/www.google.com\/maps\/dir\/Flughafen+Athen-Eleftherios+Venizelos,+Attiki+Odos,+Spata+19019,+Griechenland\/Stoupa,+Griechenland\/@37.4734838,22.8647272,8.96z\/data=!4m14!4m13!1m5!1m1!1s0x14a1901ad9e75c61:0x38b215df0aeeb3aa!2m2!1d23.9477271!2d37.9415988!1m5!1m1!1s0x1361c01836d3e4f7:0xa00bd2f74c40e00!2m2!1d22.25976!2d36.844702!3e0?entry=ttu&#038;g_ep=EgoyMDI2MDExMS4wIKXMDSoASAFQAw%3D%3D\" target=\"_blank\" rel=\"nofollow\">\n\t\t\t\t\t\t\t<img decoding=\"async\" src=\"https:\/\/themulberry.de\/wp-content\/uploads\/2026\/01\/Route-vom-Flughafen-Athen-1.webp\" title=\"Route from Athens airport\" alt=\"Karte von Griechenland mit einer Reiseroute vom Flughafen in Athen nach Stoupe \u00fcber Korinth, Fahrzeit 3 Stunden 50 Minuten und 314 Kilometer.\" loading=\"lazy\" \/>\t\t\t\t\t\t\t\t<\/a>\n\t\t\t\t\t\t\t\t\t\t\t<figcaption class=\"widget-image-caption wp-caption-text\">Click on the map to access the Google Maps route calculation.<\/figcaption>\n\t\t\t\t\t\t\t\t\t\t<\/figure>\n\t\t\t\t\t\t\t\t\t<\/div>\n\t\t\t\t\t<\/div>\n\t\t\t\t<\/div>\n\t\t<div class=\"elementor-element elementor-element-c5ea44d e-flex e-con-boxed e-con e-parent\" data-id=\"c5ea44d\" data-element_type=\"container\" data-e-type=\"container\">\n\t\t\t\t\t<div class=\"e-con-inner\">\n\t\t\t\t<div class=\"elementor-element elementor-element-49c36a8 elementor-widget-divider--view-line elementor-widget elementor-widget-divider\" data-id=\"49c36a8\" data-element_type=\"widget\" data-e-type=\"widget\" data-widget_type=\"divider.default\">\n\t\t\t\t\t\t\t<div class=\"elementor-divider\">\n\t\t\t<span class=\"elementor-divider-separator\">\n\t\t\t\t\t\t<\/span>\n\t\t<\/div>\n\t\t\t\t\t\t<\/div>\n\t\t\t\t\t<\/div>\n\t\t\t\t<\/div>\n\t\t<div class=\"elementor-element elementor-element-559b07b e-flex e-con-boxed e-con e-parent\" data-id=\"559b07b\" data-element_type=\"container\" data-e-type=\"container\">\n\t\t\t\t\t<div class=\"e-con-inner\">\n\t\t<div class=\"elementor-element elementor-element-2a2c00f e-con-full e-flex e-con e-child\" data-id=\"2a2c00f\" data-element_type=\"container\" data-e-type=\"container\">\n\t\t\t\t<div class=\"elementor-element elementor-element-6ff5f02 elementor-widget__width-initial elementor-widget elementor-widget-text-editor\" data-id=\"6ff5f02\" data-element_type=\"widget\" data-e-type=\"widget\" data-widget_type=\"text-editor.default\">\n\t\t\t\t\t\t\t\t\t<h3>Do you have questions about <em>The Mulberry?<\/em> Then please write to us!<\/h3>\t\t\t\t\t\t\t\t<\/div>\n\t\t\t\t<div class=\"elementor-element elementor-element-2e7056d elementor-align-center elementor-widget__width-inherit elementor-widget elementor-widget-button\" data-id=\"2e7056d\" data-element_type=\"widget\" data-e-type=\"widget\" data-widget_type=\"button.default\">\n\t\t\t\t\t\t\t\t\t\t<a class=\"elementor-button elementor-button-link elementor-size-sm\" href=\"\/en\/kontakt\/\">\n\t\t\t\t\t\t<span class=\"elementor-button-content-wrapper\">\n\t\t\t\t\t\t\t\t\t<span class=\"elementor-button-text\">Contact form<\/span>\n\t\t\t\t\t<\/span>\n\t\t\t\t\t<\/a>\n\t\t\t\t\t\t\t\t<\/div>\n\t\t\t\t<\/div>\n\t\t<div class=\"elementor-element elementor-element-c2670f0 e-con-full e-flex e-con e-child\" data-id=\"c2670f0\" data-element_type=\"container\" data-e-type=\"container\">\n\t\t\t\t<div class=\"elementor-element elementor-element-7e43b92 elementor-widget__width-inherit elementor-align-center elementor-widget elementor-widget-button\" data-id=\"7e43b92\" data-element_type=\"widget\" data-e-type=\"widget\" data-widget_type=\"button.default\">\n\t\t\t\t\t\t\t\t\t\t<a class=\"elementor-button elementor-button-link elementor-size-sm\" href=\"https:\/\/www.airbnb.de\/rooms\/1097806388440565585?photo_id=1847266281&#038;source_impression_id=p3_1763730012_P3a4jcG8CwH1NFnW&#038;previous_page_section_name=1000\" target=\"_blank\">\n\t\t\t\t\t\t<span class=\"elementor-button-content-wrapper\">\n\t\t\t\t\t\t<span class=\"elementor-button-icon\">\n\t\t\t\t<svg aria-hidden=\"true\" class=\"e-font-icon-svg e-fas-external-link-alt\" viewbox=\"0 0 512 512\" xmlns=\"http:\/\/www.w3.org\/2000\/svg\"><path d=\"M432,320H400a16,16,0,0,0-16,16V448H64V128H208a16,16,0,0,0,16-16V80a16,16,0,0,0-16-16H48A48,48,0,0,0,0,112V464a48,48,0,0,0,48,48H400a48,48,0,0,0,48-48V336A16,16,0,0,0,432,320ZM488,0h-128c-21.37,0-32.05,25.91-17,41l35.73,35.73L135,320.37a24,24,0,0,0,0,34L157.67,377a24,24,0,0,0,34,0L435.28,133.32,471,169c15,15,41,4.5,41-17V24A24,24,0,0,0,488,0Z\"><\/path><\/svg>\t\t\t<\/span>\n\t\t\t\t\t\t\t\t\t<span class=\"elementor-button-text\">Airbnb<\/span>\n\t\t\t\t\t<\/span>\n\t\t\t\t\t<\/a>\n\t\t\t\t\t\t\t\t<\/div>\n\t\t\t\t<div class=\"elementor-element elementor-element-130c0b5 elementor-widget__width-initial elementor-widget elementor-widget-text-editor\" data-id=\"130c0b5\" data-element_type=\"widget\" data-e-type=\"widget\" data-widget_type=\"text-editor.default\">\n\t\t\t\t\t\t\t\t\t<h3>Or book your next holiday with us directly via Airbnb.<\/h3>\t\t\t\t\t\t\t\t<\/div>\n\t\t\t\t<\/div>\n\t\t\t\t\t<\/div>\n\t\t\t\t<\/div>\n\t\t\t\t<\/div>","protected":false},"excerpt":{"rendered":"<p>Ihre Anreise The Mulberry ist sowohl \u00fcber die griechische Hauptstadt Athen als auch \u00fcber den Flughafen Kalamata gut erreichbar. Route von Kalamata aus\u200b Die Anreise zu The Mulberry ist bequem \u00fcber den Flughafen von Kalamata m\u00f6glich. Er wird zwischen Mai und Oktober von vielen Flugh\u00e4fen Europas aus angeflogen. Am Flughafen Kalamata bieten internationale und lokale &#8230; <a title=\"Journey\" class=\"read-more\" href=\"https:\/\/themulberry.de\/en\/anreise\/\" aria-label=\"Read more about Anreise\">Read more<\/a><\/p>","protected":false},"author":1,"featured_media":0,"parent":0,"menu_order":0,"comment_status":"closed","ping_status":"closed","template":"","meta":{"footnotes":""},"class_list":["post-45","page","type-page","status-publish"],"_links":{"self":[{"href":"https:\/\/themulberry.de\/en\/wp-json\/wp\/v2\/pages\/45","targetHints":{"allow":["GET"]}}],"collection":[{"href":"https:\/\/themulberry.de\/en\/wp-json\/wp\/v2\/pages"}],"about":[{"href":"https:\/\/themulberry.de\/en\/wp-json\/wp\/v2\/types\/page"}],"author":[{"embeddable":true,"href":"https:\/\/themulberry.de\/en\/wp-json\/wp\/v2\/users\/1"}],"replies":[{"embeddable":true,"href":"https:\/\/themulberry.de\/en\/wp-json\/wp\/v2\/comments?post=45"}],"version-history":[{"count":72,"href":"https:\/\/themulberry.de\/en\/wp-json\/wp\/v2\/pages\/45\/revisions"}],"predecessor-version":[{"id":1624,"href":"https:\/\/themulberry.de\/en\/wp-json\/wp\/v2\/pages\/45\/revisions\/1624"}],"wp:attachment":[{"href":"https:\/\/themulberry.de\/en\/wp-json\/wp\/v2\/media?parent=45"}],"curies":[{"name":"wp","href":"https:\/\/api.w.org\/{rel}","templated":true}]}}