{"id":359,"date":"2025-11-24T09:27:01","date_gmt":"2025-11-24T09:27:01","guid":{"rendered":"https:\/\/themulberry.de\/?page_id=359"},"modified":"2026-02-02T09:45:38","modified_gmt":"2026-02-02T09:45:38","slug":"impressum","status":"publish","type":"page","link":"https:\/\/themulberry.de\/en\/impressum\/","title":{"rendered":"Imprint"},"content":{"rendered":"\t\t<div data-elementor-type=\"wp-page\" data-elementor-id=\"359\" class=\"elementor elementor-359\" data-elementor-post-type=\"page\">\n\t\t\t\t<div class=\"elementor-element elementor-element-5e5792c e-flex e-con-boxed e-con e-parent\" data-id=\"5e5792c\" data-element_type=\"container\" data-e-type=\"container\">\n\t\t\t\t\t<div class=\"e-con-inner\">\n\t\t\t\t<div class=\"elementor-element elementor-element-3e6d9bc elementor-widget elementor-widget-heading\" data-id=\"3e6d9bc\" data-element_type=\"widget\" data-e-type=\"widget\" data-widget_type=\"heading.default\">\n\t\t\t\t\t<p class=\"elementor-heading-title elementor-size-default\">Impressum <\/p>\t\t\t\t<\/div>\n\t\t\t\t<div class=\"elementor-element elementor-element-5ec4dac elementor-widget elementor-widget-text-editor\" data-id=\"5ec4dac\" data-element_type=\"widget\" data-e-type=\"widget\" data-widget_type=\"text-editor.default\">\n\t\t\t\t\t\t\t\t\t<p>Angaben gem\u00e4\u00df \u00a75 TMG\u200b<\/p>\t\t\t\t\t\t\t\t<\/div>\n\t\t<div class=\"elementor-element elementor-element-7c5d932 e-grid e-con-full e-con e-child\" data-id=\"7c5d932\" data-element_type=\"container\" data-e-type=\"container\">\n\t\t\t\t<div class=\"elementor-element elementor-element-339632d elementor-widget elementor-widget-text-editor\" data-id=\"339632d\" data-element_type=\"widget\" data-e-type=\"widget\" data-widget_type=\"text-editor.default\">\n\t\t\t\t\t\t\t\t\t<p><strong>The Mulberry Eco Vacation Home<\/strong><\/p><p>Dr. Christopher Lohmann<br \/>christopher[a]themulberry.de<\/p><p><em>Verantwortlich f\u00fcr den Inhalt nach \u00a7 55 Abs. 2 RStV<br \/><\/em>Dr. Christopher Lohmann<br \/>The Mulberry<br \/>24024 Lefktro<br \/>Mani, Griechenland<\/p><p>Steuernummer The Mulberry: 00002450277<\/p><p>Haftpflichtversicherung: 96608 bei Allianz Griechenland<\/p>\t\t\t\t\t\t\t\t<\/div>\n\t\t\t\t<div class=\"elementor-element elementor-element-d63c38f elementor-widget elementor-widget-text-editor\" data-id=\"d63c38f\" data-element_type=\"widget\" data-e-type=\"widget\" data-widget_type=\"text-editor.default\">\n\t\t\t\t\t\t\t\t\t<p><strong>The Mulberry Organic Olive Oil<\/strong><\/p><p>The Mulberry Ventures GmbH<br \/>c\/o Dr. Christopher Lohmann<br \/>themulberry[a]gmx.de<\/p><p><em>Verantwortlich f\u00fcr den Inhalt nach \u00a7 55 Abs. 2 RStV<br \/><\/em>The Mulberry Ventures GmbH<\/p><p>Dr. Christopher Lohmann (Gesch\u00e4ftsf\u00fchrer)<br \/>50858 K\u00f6ln<br \/>Deutschland<\/p><p>HRB 113296 beim Amtsgericht K\u00f6ln<\/p><p>Umsatzsteuer-ID The Mulberry Ventures GmbH: DE359371868<\/p><p>Haftpflichtversicherung: ON.MPB.25178 bei Markel Deutschland<\/p>\t\t\t\t\t\t\t\t<\/div>\n\t\t\t\t<\/div>\n\t\t\t\t<div class=\"elementor-element elementor-element-89d2a63 elementor-widget elementor-widget-text-editor\" data-id=\"89d2a63\" data-element_type=\"widget\" data-e-type=\"widget\" data-widget_type=\"text-editor.default\">\n\t\t\t\t\t\t\t\t\t<p>Fotonachweise: privat<\/p><p>Webdesign: <a href=\"https:\/\/www.bureau-soso.de\/\" target=\"_blank\" rel=\"noopener\">Bureau SoSo<sup>\u00ae<\/sup> \u2013 Nachhaltiges Grafikdesign<\/a><br \/>Die Website wird vom Kunden selbst gepflegt.<\/p><p>\u00a9 2026 Dr. Christopher Lohmann. Alle Rechte vorbehalten.<\/p>\t\t\t\t\t\t\t\t<\/div>\n\t\t\t\t\t<\/div>\n\t\t\t\t<\/div>\n\t\t<div class=\"elementor-element elementor-element-5d12c71 e-flex e-con-boxed e-con e-parent\" data-id=\"5d12c71\" data-element_type=\"container\" data-e-type=\"container\">\n\t\t\t\t\t<div class=\"e-con-inner\">\n\t\t\t\t<div class=\"elementor-element elementor-element-c650b75 elementor-widget__width-initial elementor-widget-divider--view-line elementor-widget elementor-widget-divider\" data-id=\"c650b75\" data-element_type=\"widget\" data-e-type=\"widget\" data-widget_type=\"divider.default\">\n\t\t\t\t\t\t\t<div class=\"elementor-divider\">\n\t\t\t<span class=\"elementor-divider-separator\">\n\t\t\t\t\t\t<\/span>\n\t\t<\/div>\n\t\t\t\t\t\t<\/div>\n\t\t\t\t\t<\/div>\n\t\t\t\t<\/div>\n\t\t<div class=\"elementor-element elementor-element-42fb6c3 e-flex e-con-boxed e-con e-parent\" data-id=\"42fb6c3\" data-element_type=\"container\" data-e-type=\"container\">\n\t\t\t\t\t<div class=\"e-con-inner\">\n\t\t\t\t<div class=\"elementor-element elementor-element-4ef5881 elementor-widget elementor-widget-text-editor\" data-id=\"4ef5881\" data-element_type=\"widget\" data-e-type=\"widget\" data-widget_type=\"text-editor.default\">\n\t\t\t\t\t\t\t\t\t<p><strong>Haftungsausschluss:<\/strong><\/p><p><u>Haftung f\u00fcr Inhalte<\/u><\/p><p>Als Diensteanbieter bin ich gem\u00e4\u00df \u00a7 7 Abs.1 TMG f\u00fcr eigene Inhalte auf diesen Seiten nach den allgemeinen Gesetzen verantwortlich. Nach \u00a7\u00a7 8 bis 10 TMG bin ich als Diensteanbieter jedoch nicht verpflichtet, \u00fcbermittelte oder gespeicherte fremde Informationen zu \u00fcberwachen oder nach Umst\u00e4nden zu forschen, die auf eine rechtswidrige T\u00e4tigkeit hinweisen. Verpflichtungen zur Entfernung oder Sperrung der Nutzung von Informationen nach den allgemeinen Gesetzen bleiben hiervon unber\u00fchrt. Eine diesbez\u00fcgliche Haftung ist jedoch erst ab dem Zeitpunkt der Kenntnis einer konkreten Rechtsverletzung m\u00f6glich. Bei Bekanntwerden von entsprechenden Rechtsverletzungen werde ich diese Inhalte umgehend entfernen.<\/p><p><u>Haftung f\u00fcr Links<\/u><\/p><p>Mein Angebot enth\u00e4lt Links zu externen Webseiten Dritter, auf deren Inhalte ich keinen Einfluss habe. Deshalb kann ich f\u00fcr diese fremden Inhalte auch keine Gew\u00e4hr \u00fcbernehmen. F\u00fcr die Inhalte der verlinkten Seiten ist stets der\/die jeweilige Anbieter:in oder Betreiber:in der Seiten verantwortlich. Die verlinkten Seiten wurden zum Zeitpunkt der Verlinkung auf m\u00f6gliche Rechtsverst\u00f6\u00dfe \u00fcberpr\u00fcft. Rechtswidrige Inhalte waren zum Zeitpunkt der Verlinkung nicht erkennbar. Eine permanente inhaltliche Kontrolle der verlinkten Seiten ist jedoch ohne konkrete Anhaltspunkte einer Rechtsverletzung nicht zumutbar. Bei Bekanntwerden von Rechtsverletzungen werde ich derartige Links umgehend entfernen.<\/p><p><u>Urheberrecht<\/u><\/p><p>Die durch den Seitenbetreiber erstellten Inhalte und Werke auf diesen Seiten unterliegen dem deutschen Urheberrecht. Die Vervielf\u00e4ltigung, Bearbeitung, Verbreitung und jede Art der Verwertung au\u00dferhalb der Grenzen des Urheberrechtes bed\u00fcrfen der schriftlichen Zustimmung der\/des jeweiligen Autor:in bzw. Ersteller:in. Downloads und Kopien dieser Seite sind nur f\u00fcr den privaten, nicht kommerziellen Gebrauch gestattet. Soweit die Inhalte auf dieser Seite nicht von dem Betreiber erstellt wurden, werden die Urheberrechte Dritter beachtet. Insbesondere werden Inhalte Dritter als solche gekennzeichnet. Sollten Sie trotzdem auf eine Urheberrechtsverletzung aufmerksam werden, bitte ich um einen entsprechenden Hinweis. Bei Bekanntwerden von Rechtsverletzungen werde ich derartige Inhalte umgehend entfernen.<\/p>\t\t\t\t\t\t\t\t<\/div>\n\t\t\t\t\t<\/div>\n\t\t\t\t<\/div>\n\t\t\t\t<\/div>\n\t\t","protected":false},"excerpt":{"rendered":"<p>Impressum Angaben gem\u00e4\u00df \u00a75 TMG\u200b The Mulberry Eco Vacation Home Dr. Christopher Lohmannchristopher[a]themulberry.de Verantwortlich f\u00fcr den Inhalt nach \u00a7 55 Abs. 2 RStVDr. Christopher LohmannThe Mulberry24024 LefktroMani, Griechenland Steuernummer The Mulberry: 00002450277 Haftpflichtversicherung: 96608 bei Allianz Griechenland The Mulberry Organic Olive Oil The Mulberry Ventures GmbHc\/o Dr. Christopher Lohmannthemulberry[a]gmx.de Verantwortlich f\u00fcr den Inhalt nach \u00a7 &#8230; <a title=\"Impressum\" class=\"read-more\" href=\"https:\/\/themulberry.de\/en\/impressum\/\" aria-label=\"Read more about Impressum\">Read more<\/a><\/p>\n","protected":false},"author":1,"featured_media":0,"parent":0,"menu_order":0,"comment_status":"closed","ping_status":"closed","template":"","meta":{"footnotes":""},"class_list":["post-359","page","type-page","status-publish"],"_links":{"self":[{"href":"https:\/\/themulberry.de\/en\/wp-json\/wp\/v2\/pages\/359","targetHints":{"allow":["GET"]}}],"collection":[{"href":"https:\/\/themulberry.de\/en\/wp-json\/wp\/v2\/pages"}],"about":[{"href":"https:\/\/themulberry.de\/en\/wp-json\/wp\/v2\/types\/page"}],"author":[{"embeddable":true,"href":"https:\/\/themulberry.de\/en\/wp-json\/wp\/v2\/users\/1"}],"replies":[{"embeddable":true,"href":"https:\/\/themulberry.de\/en\/wp-json\/wp\/v2\/comments?post=359"}],"version-history":[{"count":46,"href":"https:\/\/themulberry.de\/en\/wp-json\/wp\/v2\/pages\/359\/revisions"}],"predecessor-version":[{"id":1642,"href":"https:\/\/themulberry.de\/en\/wp-json\/wp\/v2\/pages\/359\/revisions\/1642"}],"wp:attachment":[{"href":"https:\/\/themulberry.de\/en\/wp-json\/wp\/v2\/media?parent=359"}],"curies":[{"name":"wp","href":"https:\/\/api.w.org\/{rel}","templated":true}]}}